{"id":44,"date":"2024-04-22T23:50:03","date_gmt":"2024-04-22T21:50:03","guid":{"rendered":"https:\/\/ciudadconalma.es\/granada\/?page_id=44"},"modified":"2024-04-22T23:56:09","modified_gmt":"2024-04-22T21:56:09","slug":"aviso-legal","status":"publish","type":"page","link":"https:\/\/ciudadconalma.es\/granada\/aviso-legal\/","title":{"rendered":"Aviso Legal"},"content":{"rendered":"<p><strong>INFORMACI\u00d3N LEGAL \u0096 CONDICIONES DE USO \u0096 PROTECCI\u00d3N DE DATOS.<\/strong><\/p>\n<p><strong>1) Introducci\u00f3n.<br \/>\n<\/strong><\/p>\n<p>El presente documento tiene como finalidad el establecer y regular las normas de uso del Sitio www.ciudadconalma.com (en adelante el \u00abSitio\u00bb), entendiendo por Sitio todas las p\u00e1ginas y sus contenidos propiedad de Sara Gili Gatius a las cuales se accede a trav\u00e9s del dominio www.ciudadconalma.com y su subdominio:<br \/>\n<a href=\"http:\/\/www.grupoplumagica.com\" target=\"_blank\" rel=\"noopener\">www.grupoplumagica.com<\/a><\/p>\n<p>La utilizaci\u00f3n del Sitio atribuye la condici\u00f3n de Usuario del mismo e implica la aceptaci\u00f3n de todas las condiciones incluidas en el presente Aviso Legal. El Usuario se compromete a leer atentamente el presente Aviso Legal en cada una de las ocasiones en que se proponga utilizar el Sitio, ya que \u00e9ste y sus condiciones de uso recogidas en el presente Aviso Legal pueden sufrir modificaciones.<br \/>\nTodos los avisos pueden ser revisados en cualquier momento por el usuario a trav\u00e9s de nuestra p\u00e1gina web.<\/p>\n<p>&nbsp;<\/p>\n<p><strong>2) Titularidad del Sitio Web. <\/strong><\/p>\n<p>El titular del presente Sitio es Sara Gili Gatius con domicilio en Plaza del Fuerte 21, Bajo Dcha., C.P. 29007, de M\u00e1laga, y con CIF: 43739617B.<\/p>\n<p>Ud. puede ponerse en contacto con nosotros en los siguientes n\u00fameros de tel\u00e9fono o e-mail: Tfno: 650431026, e-mail: info@grupoplumagica.com<\/p>\n<p>&nbsp;<\/p>\n<p><strong>3) Propiedad intelectual e industrial.<br \/>\n<\/strong><\/p>\n<p>Los derechos de propiedad intelectual de este sitio, son titularidad de Sara Gili Gatius, o disponemos de la autorizaci\u00f3n oportuna. Todas las marcas o signos distintivos de cualquier clase contenidos en el Sitio est\u00e1n protegidos por Ley.<br \/>\nLa reproducci\u00f3n, distribuci\u00f3n, comercializaci\u00f3n o transformaci\u00f3n, total o parcial, no autorizadas del contenido del Sitio, constituye una infracci\u00f3n de los derechos de propiedad intelectual de Sara Gili Gatius.<br \/>\nLa utilizaci\u00f3n no autorizada de la informaci\u00f3n contenida en este Sitio, as\u00ed como los perjuicios ocasionados en los derechos de propiedad intelectual e industrial, pueden dar lugar al ejercicio de las acciones judiciales y si procede, a las responsabilidades que de dicho ejercicio se deriven.<\/p>\n<p>&nbsp;<\/p>\n<p><strong>4) Exclusi\u00f3n de responsabilidad.<br \/>\n<\/strong><\/p>\n<p>El contenido, programas, informaci\u00f3n y\/o consejos expresados en este Sitio deben entenderse como simplemente orientativos. Sara Gili Gatius, no responde de ninguna forma de la efectividad o exactitud de los mismos, quedando exenta de cualquierresponsabilidad contractual o extracontractual con los usuarios, ya que son \u00e9stos los que\u00a0 deber\u00e1n decidir seg\u00fan su criterio la oportunidad de los mismos.<br \/>\nEn este Sitio se pueden publicar contenidos aportados por terceras personas o empresas. No respondemos de la veracidad y exactitud de los mismos, quedando exentos de cualquier responsabilidad contractual o\u00a0 extracontractual con los usuarios que hagan uso de los mismos.<br \/>\nNos reservamos el derecho de modificar el contenido del Sitio sin previo aviso y sin ning\u00fan tipo de limitaci\u00f3n.<br \/>\nAsimismo, declina cualquier responsabilidad por los eventuales da\u00f1os y perjuicios que puedan ocasionarse por la falta de disponibilidad y\/o continuidad de este Sitio y de los servicios que se ofrecen en el.<br \/>\nSara Gili Gatius, no garantiza la ausencia de virus ni de otros elementos en la web que puedan producir alteraciones en su sistema inform\u00e1tico. Sara Gili Gatius, declina cualquier responsabilidad contractual o extracontractual con los Usuarios que hagan uso de ello y tuviera perjuicios de cualquier naturaleza ocasionados por virus inform\u00e1ticos o por elementos inform\u00e1ticos de cualquier \u00edndole.<br \/>\nSara Gili Gatius, declina cualquier responsabilidad por los servicios y\/o informaci\u00f3n que se preste en otros Sitios enlazados con este. Sara Gili Gatius, no controla ni ejerce ning\u00fan tipo de supervisi\u00f3n en Sitios Webs de terceros. Aconsejamos a los Usuarios de los mismos a actuar con prudencia y consultar las eventuales condiciones legales que se expongan en dichas webs.<br \/>\nLos Usuarios que remitan cualquier tipo de informaci\u00f3n a Sara Gili Gatius, se comprometen a que la misma sea veraz y que no vulnere cualquier derecho de terceros ni la legalidad vigente.<\/p>\n<p>&nbsp;<\/p>\n<p><strong>5) Condiciones de uso del portal para los usuarios.<\/strong><\/p>\n<p>El acceso al presente Sitio es gratuito salvo en lo relativo al coste de la conexi\u00f3n a trav\u00e9s de la red de telecomunicaciones suministrada por el proveedor de acceso contratado por los usuarios.<br \/>\nQueda expresamente prohibido el uso del Sitio con fines lesivos de bienes o intereses de Sara Gili Gatius o de terceros o que de cualquier otra forma sobrecarguen, da\u00f1en o inutilicen las redes, servidores y dem\u00e1s equipos inform\u00e1ticos (hardware) o productos y aplicaciones inform\u00e1ticas (software) de Sara Gili Gatius, o de terceros.<br \/>\nEn el caso de que el Usuario tuviera conocimiento de que los Sitios enlazados remiten a p\u00e1ginas cuyos contenidos o servicios son il\u00edcitos, nocivos, denigrantes, violentos o contrarios a la moral le agradecer\u00edamos que se pusiera en contacto con Sara Gili Gatius.<\/p>\n<p>&nbsp;<\/p>\n<p><strong>6) Legislaci\u00f3n.<br \/>\n<\/strong><\/p>\n<p>El presente Aviso legal se rige en todos y cada uno de sus extremos por la legislaci\u00f3n espa\u00f1ola. El presente contrato est\u00e1 establecido en idioma espa\u00f1ol.<\/p>\n<p>&nbsp;<\/p>\n<p><strong>7) Contacte con nosotros.<br \/>\n<\/strong><\/p>\n<p>Si tiene Ud. cualquier pregunta sobre las condiciones reflejadas en este Aviso Legal, o si le gustar\u00eda hacer cualquier sugerencia o recomendaci\u00f3n, por favor dir\u00edjase a nosotros a trav\u00e9s del email facilitado en el punto 2o.<\/p>\n<p>&nbsp;<\/p>\n","protected":false},"excerpt":{"rendered":"<p>INFORMACI\u00d3N LEGAL \u0096 CONDICIONES DE USO \u0096 PROTECCI\u00d3N DE DATOS. 1) Introducci\u00f3n. El presente documento tiene como finalidad el establecer y regular las normas de uso del Sitio www.ciudadconalma.com (en adelante el \u00abSitio\u00bb), entendiendo por Sitio todas las p\u00e1ginas y sus contenidos propiedad de Sara Gili Gatius a las cuales se accede a trav\u00e9s del [&hellip;]<\/p>\n","protected":false},"author":1,"featured_media":0,"parent":0,"menu_order":0,"comment_status":"closed","ping_status":"closed","template":"","meta":[],"_links":{"self":[{"href":"https:\/\/ciudadconalma.es\/granada\/wp-json\/wp\/v2\/pages\/44"}],"collection":[{"href":"https:\/\/ciudadconalma.es\/granada\/wp-json\/wp\/v2\/pages"}],"about":[{"href":"https:\/\/ciudadconalma.es\/granada\/wp-json\/wp\/v2\/types\/page"}],"author":[{"embeddable":true,"href":"https:\/\/ciudadconalma.es\/granada\/wp-json\/wp\/v2\/users\/1"}],"replies":[{"embeddable":true,"href":"https:\/\/ciudadconalma.es\/granada\/wp-json\/wp\/v2\/comments?post=44"}],"version-history":[{"count":2,"href":"https:\/\/ciudadconalma.es\/granada\/wp-json\/wp\/v2\/pages\/44\/revisions"}],"predecessor-version":[{"id":46,"href":"https:\/\/ciudadconalma.es\/granada\/wp-json\/wp\/v2\/pages\/44\/revisions\/46"}],"wp:attachment":[{"href":"https:\/\/ciudadconalma.es\/granada\/wp-json\/wp\/v2\/media?parent=44"}],"curies":[{"name":"wp","href":"https:\/\/api.w.org\/{rel}","templated":true}]}}